{"id":18,"date":"2026-02-11T16:14:17","date_gmt":"2026-02-11T19:14:17","guid":{"rendered":"https:\/\/mondare.insany.co\/?page_id=18"},"modified":"2026-03-09T19:02:23","modified_gmt":"2026-03-09T22:02:23","slug":"mondare-estudo","status":"publish","type":"page","link":"https:\/\/mondare.insany.co\/","title":{"rendered":"Home"},"content":{"rendered":"","protected":false},"excerpt":{"rendered":"","protected":false},"author":1,"featured_media":0,"parent":0,"menu_order":0,"comment_status":"closed","ping_status":"closed","template":"page-home.php","meta":{"_acf_changed":false,"inline_featured_image":false,"footnotes":""},"class_list":["post-18","page","type-page","status-publish","hentry"],"acf":[],"yoast_head":"<!-- This site is optimized with the Yoast SEO plugin v27.1.1 - https:\/\/yoast.com\/product\/yoast-seo-wordpress\/ -->\n<title>Mondare - Acompanhamento estrat\u00e9gico de estudos<\/title>\n<meta name=\"description\" content=\"Acompanhamento individual para estudantes que querem parar de desperdi\u00e7ar tempo, corrigir estrat\u00e9gia e estudar com clareza.\" \/>\n<meta name=\"robots\" content=\"index, follow, max-snippet:-1, max-image-preview:large, max-video-preview:-1\" \/>\n<link rel=\"canonical\" href=\"https:\/\/mondare.insany.co\/\" \/>\n<meta property=\"og:locale\" content=\"pt_BR\" \/>\n<meta property=\"og:type\" content=\"article\" \/>\n<meta property=\"og:title\" content=\"Mondare - Acompanhamento estrat\u00e9gico de estudos\" \/>\n<meta property=\"og:description\" content=\"Acompanhamento individual para estudantes que querem parar de desperdi\u00e7ar tempo, corrigir estrat\u00e9gia e estudar com clareza.\" \/>\n<meta property=\"og:url\" content=\"https:\/\/mondare.insany.co\/\" \/>\n<meta property=\"og:site_name\" content=\"Mondare\" \/>\n<meta property=\"article:modified_time\" content=\"2026-03-09T22:02:23+00:00\" \/>\n<meta property=\"og:image\" content=\"https:\/\/mondare.insany.co\/wp-content\/uploads\/2026\/02\/share-og.png\" \/>\n\t<meta property=\"og:image:width\" content=\"1200\" \/>\n\t<meta property=\"og:image:height\" content=\"628\" \/>\n\t<meta property=\"og:image:type\" content=\"image\/png\" \/>\n<meta name=\"twitter:card\" content=\"summary_large_image\" \/>\n<meta name=\"twitter:title\" content=\"Mondare - Acompanhamento estrat\u00e9gico de estudos\" \/>\n<meta name=\"twitter:description\" content=\"Acompanhamento individual para estudantes que querem parar de desperdi\u00e7ar tempo, corrigir estrat\u00e9gia e estudar com clareza.\" \/>\n<meta name=\"twitter:image\" content=\"https:\/\/mondare.insany.co\/wp-content\/uploads\/2026\/02\/share-og.png\" \/>\n<script type=\"application\/ld+json\" class=\"yoast-schema-graph\">{\"@context\":\"https:\/\/schema.org\",\"@graph\":[{\"@type\":\"WebPage\",\"@id\":\"https:\/\/mondare.insany.co\/\",\"url\":\"https:\/\/mondare.insany.co\/\",\"name\":\"Mondare - Acompanhamento estrat\u00e9gico de estudos\",\"isPartOf\":{\"@id\":\"https:\/\/mondare.insany.co\/#website\"},\"datePublished\":\"2026-02-11T19:14:17+00:00\",\"dateModified\":\"2026-03-09T22:02:23+00:00\",\"description\":\"Acompanhamento individual para estudantes que querem parar de desperdi\u00e7ar tempo, corrigir estrat\u00e9gia e estudar com clareza.\",\"breadcrumb\":{\"@id\":\"https:\/\/mondare.insany.co\/#breadcrumb\"},\"inLanguage\":\"pt-BR\",\"potentialAction\":[{\"@type\":\"ReadAction\",\"target\":[\"https:\/\/mondare.insany.co\/\"]}]},{\"@type\":\"BreadcrumbList\",\"@id\":\"https:\/\/mondare.insany.co\/#breadcrumb\",\"itemListElement\":[{\"@type\":\"ListItem\",\"position\":1,\"name\":\"In\u00edcio\",\"item\":\"https:\/\/mondare.insany.co\/\"},{\"@type\":\"ListItem\",\"position\":2,\"name\":\"Home\"}]},{\"@type\":\"WebSite\",\"@id\":\"https:\/\/mondare.insany.co\/#website\",\"url\":\"https:\/\/mondare.insany.co\/\",\"name\":\"Mondare\",\"description\":\"Acompanhamento estrat\u00e9gico de estudos para quem precisa de dire\u00e7\u00e3o real\",\"publisher\":{\"@id\":\"https:\/\/mondare.insany.co\/#organization\"},\"potentialAction\":[{\"@type\":\"SearchAction\",\"target\":{\"@type\":\"EntryPoint\",\"urlTemplate\":\"https:\/\/mondare.insany.co\/?s={search_term_string}\"},\"query-input\":{\"@type\":\"PropertyValueSpecification\",\"valueRequired\":true,\"valueName\":\"search_term_string\"}}],\"inLanguage\":\"pt-BR\"},{\"@type\":\"Organization\",\"@id\":\"https:\/\/mondare.insany.co\/#organization\",\"name\":\"Mondare\",\"url\":\"https:\/\/mondare.insany.co\/\",\"logo\":{\"@type\":\"ImageObject\",\"inLanguage\":\"pt-BR\",\"@id\":\"https:\/\/mondare.insany.co\/#\/schema\/logo\/image\/\",\"url\":\"https:\/\/mondare.insany.co\/wp-content\/uploads\/2026\/02\/logo-black.svg\",\"contentUrl\":\"https:\/\/mondare.insany.co\/wp-content\/uploads\/2026\/02\/logo-black.svg\",\"width\":148,\"height\":29,\"caption\":\"Mondare\"},\"image\":{\"@id\":\"https:\/\/mondare.insany.co\/#\/schema\/logo\/image\/\"}}]}<\/script>\n<!-- \/ Yoast SEO plugin. -->","yoast_head_json":{"title":"Mondare - Acompanhamento estrat\u00e9gico de estudos","description":"Acompanhamento individual para estudantes que querem parar de desperdi\u00e7ar tempo, corrigir estrat\u00e9gia e estudar com clareza.","robots":{"index":"index","follow":"follow","max-snippet":"max-snippet:-1","max-image-preview":"max-image-preview:large","max-video-preview":"max-video-preview:-1"},"canonical":"https:\/\/mondare.insany.co\/","og_locale":"pt_BR","og_type":"article","og_title":"Mondare - Acompanhamento estrat\u00e9gico de estudos","og_description":"Acompanhamento individual para estudantes que querem parar de desperdi\u00e7ar tempo, corrigir estrat\u00e9gia e estudar com clareza.","og_url":"https:\/\/mondare.insany.co\/","og_site_name":"Mondare","article_modified_time":"2026-03-09T22:02:23+00:00","og_image":[{"width":1200,"height":628,"url":"https:\/\/mondare.insany.co\/wp-content\/uploads\/2026\/02\/share-og.png","type":"image\/png"}],"twitter_card":"summary_large_image","twitter_title":"Mondare - Acompanhamento estrat\u00e9gico de estudos","twitter_description":"Acompanhamento individual para estudantes que querem parar de desperdi\u00e7ar tempo, corrigir estrat\u00e9gia e estudar com clareza.","twitter_image":"https:\/\/mondare.insany.co\/wp-content\/uploads\/2026\/02\/share-og.png","schema":{"@context":"https:\/\/schema.org","@graph":[{"@type":"WebPage","@id":"https:\/\/mondare.insany.co\/","url":"https:\/\/mondare.insany.co\/","name":"Mondare - Acompanhamento estrat\u00e9gico de estudos","isPartOf":{"@id":"https:\/\/mondare.insany.co\/#website"},"datePublished":"2026-02-11T19:14:17+00:00","dateModified":"2026-03-09T22:02:23+00:00","description":"Acompanhamento individual para estudantes que querem parar de desperdi\u00e7ar tempo, corrigir estrat\u00e9gia e estudar com clareza.","breadcrumb":{"@id":"https:\/\/mondare.insany.co\/#breadcrumb"},"inLanguage":"pt-BR","potentialAction":[{"@type":"ReadAction","target":["https:\/\/mondare.insany.co\/"]}]},{"@type":"BreadcrumbList","@id":"https:\/\/mondare.insany.co\/#breadcrumb","itemListElement":[{"@type":"ListItem","position":1,"name":"In\u00edcio","item":"https:\/\/mondare.insany.co\/"},{"@type":"ListItem","position":2,"name":"Home"}]},{"@type":"WebSite","@id":"https:\/\/mondare.insany.co\/#website","url":"https:\/\/mondare.insany.co\/","name":"Mondare","description":"Acompanhamento estrat\u00e9gico de estudos para quem precisa de dire\u00e7\u00e3o real","publisher":{"@id":"https:\/\/mondare.insany.co\/#organization"},"potentialAction":[{"@type":"SearchAction","target":{"@type":"EntryPoint","urlTemplate":"https:\/\/mondare.insany.co\/?s={search_term_string}"},"query-input":{"@type":"PropertyValueSpecification","valueRequired":true,"valueName":"search_term_string"}}],"inLanguage":"pt-BR"},{"@type":"Organization","@id":"https:\/\/mondare.insany.co\/#organization","name":"Mondare","url":"https:\/\/mondare.insany.co\/","logo":{"@type":"ImageObject","inLanguage":"pt-BR","@id":"https:\/\/mondare.insany.co\/#\/schema\/logo\/image\/","url":"https:\/\/mondare.insany.co\/wp-content\/uploads\/2026\/02\/logo-black.svg","contentUrl":"https:\/\/mondare.insany.co\/wp-content\/uploads\/2026\/02\/logo-black.svg","width":148,"height":29,"caption":"Mondare"},"image":{"@id":"https:\/\/mondare.insany.co\/#\/schema\/logo\/image\/"}}]}},"_links":{"self":[{"href":"https:\/\/mondare.insany.co\/index.php?rest_route=\/wp\/v2\/pages\/18","targetHints":{"allow":["GET"]}}],"collection":[{"href":"https:\/\/mondare.insany.co\/index.php?rest_route=\/wp\/v2\/pages"}],"about":[{"href":"https:\/\/mondare.insany.co\/index.php?rest_route=\/wp\/v2\/types\/page"}],"author":[{"embeddable":true,"href":"https:\/\/mondare.insany.co\/index.php?rest_route=\/wp\/v2\/users\/1"}],"replies":[{"embeddable":true,"href":"https:\/\/mondare.insany.co\/index.php?rest_route=%2Fwp%2Fv2%2Fcomments&post=18"}],"version-history":[{"count":83,"href":"https:\/\/mondare.insany.co\/index.php?rest_route=\/wp\/v2\/pages\/18\/revisions"}],"predecessor-version":[{"id":346,"href":"https:\/\/mondare.insany.co\/index.php?rest_route=\/wp\/v2\/pages\/18\/revisions\/346"}],"wp:attachment":[{"href":"https:\/\/mondare.insany.co\/index.php?rest_route=%2Fwp%2Fv2%2Fmedia&parent=18"}],"curies":[{"name":"wp","href":"https:\/\/api.w.org\/{rel}","templated":true}]}}